{"id":736,"date":"2025-12-19T11:11:56","date_gmt":"2025-12-19T11:11:56","guid":{"rendered":"https:\/\/olioveda.com\/unsere-produkte\/"},"modified":"2026-04-01T15:09:23","modified_gmt":"2026-04-01T15:09:23","slug":"unsere-produkte","status":"publish","type":"page","link":"https:\/\/olioveda.com\/de\/unsere-produkte\/","title":{"rendered":"Unsere Produkte"},"content":{"rendered":"<p>[et_pb_section fb_built=&#8220;1&#8243; admin_label=&#8220;Header&#8220; _builder_version=&#8220;4.16&#8243; background_color=&#8220;#EEE8E2&#8243; min_height=&#8220;575.6px&#8220; overflow-x=&#8220;hidden&#8220; overflow-y=&#8220;hidden&#8220; custom_padding=&#8220;0vw||0vw||false|false&#8220; locked=&#8220;off&#8220; global_colors_info=&#8220;{}&#8220;][et_pb_row make_equal=&#8220;on&#8220; _builder_version=&#8220;4.16&#8243; custom_margin=&#8220;||||false&#8220; custom_padding=&#8220;81px||0px|||&#8220; global_colors_info=&#8220;{}&#8220;][et_pb_column type=&#8220;4_4&#8243; _builder_version=&#8220;4.16&#8243; custom_padding=&#8220;200px||200px||true|false&#8220; custom_padding_tablet=&#8220;40px||40px||true|false&#8220; custom_padding_phone=&#8220;&#8220; custom_padding_last_edited=&#8220;on|phone&#8220; global_colors_info=&#8220;{}&#8220;][et_pb_text _builder_version=&#8220;4.27.5&#8243; header_font=&#8220;Montserrat|900||on|||||&#8220; header_text_color=&#8220;#2B343B&#8220; header_font_size=&#8220;72px&#8220; header_letter_spacing=&#8220;0.05em&#8220; header_line_height=&#8220;1.2em&#8220; header_2_font=&#8220;Montserrat|600||on|||||&#8220; header_2_text_color=&#8220;#666666&#8243; header_2_font_size=&#8220;20px&#8220; header_2_letter_spacing=&#8220;6px&#8220; header_2_line_height=&#8220;1.4em&#8220; background_color=&#8220;#EEE8E2&#8243; position_origin_a=&#8220;center_left&#8220; z_index=&#8220;1&#8243; width=&#8220;60%&#8220; width_tablet=&#8220;100%&#8220; width_phone=&#8220;&#8220; width_last_edited=&#8220;on|tablet&#8220; custom_margin=&#8220;-88px|-40%|||false|false&#8220; header_font_size_tablet=&#8220;&#8220; header_font_size_phone=&#8220;30px&#8220; header_font_size_last_edited=&#8220;on|desktop&#8220; header_2_font_size_tablet=&#8220;16px&#8220; header_2_font_size_phone=&#8220;14px&#8220; header_2_font_size_last_edited=&#8220;on|desktop&#8220; global_colors_info=&#8220;{}&#8220;]<\/p>\n<h2>extra natives Oliven\u00f6l<\/h2>\n<h1>Geschenkboxen<\/h1>\n<p>[\/et_pb_text][et_pb_image src=&#8220;http:\/\/olioveda.com\/wp-content\/uploads\/2025\/12\/Progetto-senza-titolo-8.png&#8220; title_text=&#8220;-&#8220; align=&#8220;center&#8220; _builder_version=&#8220;4.27.5&#8243; background_enable_color=&#8220;off&#8220; positioning=&#8220;absolute&#8220; position_origin_a=&#8220;top_right&#8220; horizontal_offset=&#8220;-14%&#8220; z_index=&#8220;2&#8243; vertical_offset_tablet=&#8220;0%&#8220; vertical_offset_phone=&#8220;&#8220; vertical_offset_last_edited=&#8220;on|tablet&#8220; horizontal_offset_tablet=&#8220;0%&#8220; horizontal_offset_phone=&#8220;&#8220; horizontal_offset_last_edited=&#8220;on|tablet&#8220; position_origin_a_tablet=&#8220;&#8220; position_origin_a_phone=&#8220;&#8220; position_origin_a_last_edited=&#8220;on|tablet&#8220; position_origin_f_tablet=&#8220;&#8220; position_origin_f_phone=&#8220;&#8220; position_origin_f_last_edited=&#8220;on|tablet&#8220; position_origin_r_tablet=&#8220;&#8220; position_origin_r_phone=&#8220;&#8220; position_origin_r_last_edited=&#8220;on|tablet&#8220; width=&#8220;56%&#8220; width_tablet=&#8220;100%&#8220; width_phone=&#8220;&#8220; width_last_edited=&#8220;on|tablet&#8220; custom_margin=&#8220;-10px||||false|false&#8220; custom_margin_tablet=&#8220;0px|0px|0px|0px|false|false&#8220; custom_margin_last_edited=&#8220;off|desktop&#8220; scroll_rotating_enable=&#8220;on&#8220; scroll_rotating=&#8220;0|50|50|100|-20\u00b0|0|20\u00b0&#8220; positioning_tablet=&#8220;relative&#8220; positioning_phone=&#8220;&#8220; positioning_last_edited=&#8220;on|tablet&#8220; global_colors_info=&#8220;{}&#8220;][\/et_pb_image][et_pb_image src=&#8220;https:\/\/olioveda.com\/wp-content\/uploads\/2025\/12\/Oval.png&#8220; title_text=&#8220;Oval&#8220; _builder_version=&#8220;4.16&#8243; _module_preset=&#8220;default&#8220; positioning=&#8220;absolute&#8220; position_origin_a=&#8220;bottom_right&#8220; z_index=&#8220;1&#8243; scroll_blur_enable=&#8220;on&#8220; scroll_blur=&#8220;0|40|40|100|0px|0px|20px&#8220; global_colors_info=&#8220;{}&#8220;][\/et_pb_image][\/et_pb_column][\/et_pb_row][\/et_pb_section][et_pb_section fb_built=&#8220;1&#8243; admin_label=&#8220;Category&#8220; _builder_version=&#8220;4.16&#8243; background_color=&#8220;#EEE8E2&#8243; custom_padding=&#8220;0px||0px||true|false&#8220; global_colors_info=&#8220;{}&#8220;][et_pb_row _builder_version=&#8220;4.27.5&#8243; _module_preset=&#8220;default&#8220; custom_padding=&#8220;0px|||||&#8220; global_colors_info=&#8220;{}&#8220;][et_pb_column type=&#8220;4_4&#8243; _builder_version=&#8220;4.27.5&#8243; _module_preset=&#8220;default&#8220; global_colors_info=&#8220;{}&#8220;][et_pb_text _builder_version=&#8220;4.27.5&#8243; _module_preset=&#8220;default&#8220; text_font=&#8220;Handlee||||||||&#8220; text_font_size=&#8220;17px&#8220; global_colors_info=&#8220;{}&#8220;]<\/p>\n<p data-start=\"476\" data-end=\"794\">Eine elegante Flasche mit goldenen Verzierungen wird in einer edlen Geschenkbox geliefert, die dieses native Oliven\u00f6l extra in ein besonderes Geschenk verwandeln soll.<\/p>\n<p data-start=\"476\" data-end=\"794\">Eine stilvolle Geste, ideal zum Feiern wichtiger Momente, exklusiver Ereignisse oder einfach, um diejenigen zu \u00fcberraschen, die Authentizit\u00e4t lieben.<\/p>\n<p data-start=\"796\" data-end=\"956\">Am Gaumen bietet er eine harmonische Balance, die jedes Gericht verfeinert und Tropfen f\u00fcr Tropfen eine Geschichte aus Tradition, Natur und Sch\u00f6nheit erz\u00e4hlt.<\/p>\n<p>[\/et_pb_text][\/et_pb_column][\/et_pb_row][\/et_pb_section][et_pb_section fb_built=&#8220;1&#8243; _builder_version=&#8220;4.16&#8243; _module_preset=&#8220;default&#8220; background_color=&#8220;#f8f5f3&#8243; custom_padding=&#8220;||0px||false|false&#8220; global_colors_info=&#8220;{}&#8220;][et_pb_row column_structure=&#8220;1_2,1_2&#8243; use_custom_gutter=&#8220;on&#8220; gutter_width=&#8220;1&#8243; make_equal=&#8220;on&#8220; _builder_version=&#8220;4.16&#8243; _module_preset=&#8220;default&#8220; width=&#8220;100%&#8220; max_width=&#8220;none&#8220; min_height=&#8220;1801.4px&#8220; custom_padding=&#8220;||0px||false|false&#8220; global_colors_info=&#8220;{}&#8220;][et_pb_column type=&#8220;1_2&#8243; _builder_version=&#8220;4.16&#8243; _module_preset=&#8220;default&#8220; custom_padding=&#8220;|10vw|10vw|10vw|false|true&#8220; global_colors_info=&#8220;{}&#8220;][et_pb_image src=&#8220;https:\/\/olioveda.com\/wp-content\/uploads\/2025\/12\/aa9a5a07-1965-48ca-b40e-5b55ad703d2c-1.png&#8220; title_text=&#8220;-&#8220; align=&#8220;right&#8220; _builder_version=&#8220;4.27.5&#8243; _module_preset=&#8220;default&#8220; custom_margin=&#8220;|-10vw||-10vw|false|true&#8220; scroll_vertical_motion_enable=&#8220;on&#8220; scroll_vertical_motion=&#8220;0|50|50|100|2|0|0&#8243; global_colors_info=&#8220;{}&#8220;][\/et_pb_image][et_pb_text _builder_version=&#8220;4.27.5&#8243; text_font=&#8220;Handlee||||||||&#8220; text_font_size=&#8220;17px&#8220; header_2_font=&#8220;Montserrat|800||on|||||&#8220; header_2_font_size=&#8220;50px&#8220; header_2_letter_spacing=&#8220;3px&#8220; header_2_line_height=&#8220;1.2em&#8220; text_font_size_tablet=&#8220;14px&#8220; text_font_size_phone=&#8220;17px&#8220; text_font_size_last_edited=&#8220;on|desktop&#8220; header_2_font_size_tablet=&#8220;40px&#8220; header_2_font_size_phone=&#8220;30px&#8220; header_2_font_size_last_edited=&#8220;on|phone&#8220; locked=&#8220;off&#8220; global_colors_info=&#8220;{}&#8220;]<\/p>\n<h2>klassische Flasche<\/h2>\n<p class=\"my-2 [&amp;+p]:mt-4 [&amp;_strong:has(+br)]:inline-block [&amp;_strong:has(+br)]:pb-2\">Peranzana Extra Virgin Oliven\u00f6l ist unser klassischster Ausdruck: ein eleganter, reiner und intensiv duftender sortenreiner Oliven\u00f6l, erh\u00e4ltlich in 250-ml- und 500-ml-Flaschen, perfekt f\u00fcr den t\u00e4glichen Gebrauch am Tisch und als geschmackvolles Geschenk.<\/p>\n<p class=\"my-2 [&amp;+p]:mt-4 [&amp;_strong:has(+br)]:inline-block [&amp;_strong:has(+br)]:pb-2\">Ideal zum Betr\u00e4ufeln von Salaten, Bruschetta, gegrilltem Gem\u00fcse, Fisch und hellem Fleisch. Perfekt zum Verfeinern von Gourmetgerichten, cremigen H\u00fclsenfruchtsuppen und modernen Pizzen, um die Zutaten optimal zur Geltung zu bringen.<\/p>\n<p class=\"my-2 [&amp;+p]:mt-4 [&amp;_strong:has(+br)]:inline-block [&amp;_strong:has(+br)]:pb-2\">Fr\u00fch geerntet, um maximale Frische und h\u00f6chsten Polyphenolgehalt zu gew\u00e4hrleisten. Kaltgepresst innerhalb weniger Stunden nach der Ernte, um Aromen und N\u00e4hrstoffe zu erhalten.<\/p>\n<p>[\/et_pb_text][et_pb_button button_text=&#8220;Jetzt bestellen&#8220; _builder_version=&#8220;4.27.5&#8243; _module_preset=&#8220;default&#8220; custom_button=&#8220;on&#8220; button_text_color=&#8220;#000000&#8243; button_url=&#8220;https:\/\/olioveda.com\/ordina-olio&#8220; hover_enabled=&#8220;0&#8243; sticky_enabled=&#8220;0&#8243; custom_margin=&#8220;41px|||||&#8220;][\/et_pb_button][\/et_pb_column][et_pb_column type=&#8220;1_2&#8243; _builder_version=&#8220;4.16&#8243; _module_preset=&#8220;default&#8220; background_color=&#8220;#2b343b&#8220; custom_padding=&#8220;|10vw|10vw|10vw|false|true&#8220; global_colors_info=&#8220;{}&#8220;][et_pb_image src=&#8220;https:\/\/olioveda.com\/wp-content\/uploads\/2025\/12\/ChatGPT-Image-19-dic-2025-12_08_39-1.png&#8220; title_text=&#8220;-&#8220; _builder_version=&#8220;4.27.5&#8243; _module_preset=&#8220;default&#8220; custom_margin=&#8220;|-10vw||-10vw|false|true&#8220; scroll_vertical_motion_enable=&#8220;on&#8220; scroll_vertical_motion=&#8220;0|100|100|100|-0.5|0|0&#8243; motion_trigger_start=&#8220;top&#8220; locked=&#8220;off&#8220; global_colors_info=&#8220;{}&#8220;][\/et_pb_image][et_pb_text _builder_version=&#8220;4.27.5&#8243; text_font=&#8220;Handlee||||||||&#8220; text_font_size=&#8220;17px&#8220; ul_line_height=&#8220;1.8em&#8220; header_2_font=&#8220;Montserrat|800||on|||||&#8220; header_2_font_size=&#8220;50px&#8220; header_2_letter_spacing=&#8220;3px&#8220; header_2_line_height=&#8220;1.2em&#8220; background_layout=&#8220;dark&#8220; text_font_size_tablet=&#8220;14px&#8220; text_font_size_phone=&#8220;17px&#8220; text_font_size_last_edited=&#8220;on|desktop&#8220; header_2_font_size_tablet=&#8220;40px&#8220; header_2_font_size_phone=&#8220;30px&#8220; header_2_font_size_last_edited=&#8220;on|phone&#8220; locked=&#8220;off&#8220; global_colors_info=&#8220;{}&#8220;]<\/p>\n<h2>Bag in box 5L<\/h2>\n<p><span>Unser Bag-in-Box-System steht f\u00fcr praktische Innovation f\u00fcr alle, die kompromisslose Qualit\u00e4t lieben: eine intelligente Verpackung, die jede Nuance des authentischen Geschmacks bewahrt.<\/span><\/p>\n<p><span>Der innere, lebensmittelechte Beutel verhindert zusammen mit dem R\u00fcckschlagventil den Kontakt mit Luft und verlangsamt die Oxidation, wodurch Aromen und N\u00e4hrstoffe l\u00e4nger erhalten bleiben. Die \u00e4u\u00dfere Kartonverpackung sch\u00fctzt vor Licht und Hitze, ist leicht, sto\u00dffest und vollst\u00e4ndig recycelbar.<\/span><\/p>\n<p><span><\/span><\/p>\n<p><span>Der praktische Dosierhahn erm\u00f6glicht das Bef\u00fcllen von Flaschen und \u00d6lfl\u00e4schchen ohne Verschwendung, wobei der Rest des \u00d6ls stets im Bag-in-Box-Verpackung gesch\u00fctzt bleibt.<\/span><\/p>\n<p><span><\/span><\/p>\n<p><span><\/span><\/p>\n<p>[\/et_pb_text][et_pb_button button_text=&#8220;Jetzt bestellen&#8220; _builder_version=&#8220;4.27.5&#8243; _module_preset=&#8220;default&#8220; hover_enabled=&#8220;0&#8243; sticky_enabled=&#8220;0&#8243; button_url=&#8220;https:\/\/olioveda.com\/ordina-olio&#8220; custom_button=&#8220;on&#8220; button_text_color=&#8220;#FFFFFF&#8220;][\/et_pb_button][\/et_pb_column][\/et_pb_row][\/et_pb_section][et_pb_section fb_built=&#8220;1&#8243; admin_label=&#8220;Portfolio&#8220; _builder_version=&#8220;4.16&#8243; background_color=&#8220;#f8f5f3&#8243; background_enable_image=&#8220;off&#8220; custom_margin=&#8220;-2px|||||&#8220; custom_padding=&#8220;1vw||1vw||true|false&#8220; global_colors_info=&#8220;{}&#8220;][et_pb_row column_structure=&#8220;1_2,1_2&#8243; _builder_version=&#8220;4.16&#8243; _module_preset=&#8220;default&#8220; global_colors_info=&#8220;{}&#8220;][et_pb_column type=&#8220;1_2&#8243; _builder_version=&#8220;4.16&#8243; _module_preset=&#8220;default&#8220; global_colors_info=&#8220;{}&#8220;][et_pb_text _builder_version=&#8220;4.27.5&#8243; text_font=&#8220;Handlee||||||||&#8220; text_text_color=&#8220;#000000&#8243; text_font_size=&#8220;17px&#8220; ul_line_height=&#8220;1.8em&#8220; header_text_color=&#8220;#000000&#8243; header_2_font=&#8220;Montserrat|800||on|||||&#8220; header_2_text_color=&#8220;#000000&#8243; header_2_font_size=&#8220;50px&#8220; header_2_letter_spacing=&#8220;3px&#8220; header_2_line_height=&#8220;1.2em&#8220; background_layout=&#8220;dark&#8220; text_font_size_tablet=&#8220;14px&#8220; text_font_size_phone=&#8220;17px&#8220; text_font_size_last_edited=&#8220;on|desktop&#8220; header_2_font_size_tablet=&#8220;40px&#8220; header_2_font_size_phone=&#8220;30px&#8220; header_2_font_size_last_edited=&#8220;on|phone&#8220; locked=&#8220;off&#8220; global_colors_info=&#8220;{}&#8220;]<\/p>\n<h2>Handgefertigte \u00d6lf\u00e4sser aus Keramik<\/h2>\n<p>Machen Sie Ihr Event mit einem einzigartigen, eleganten und zeitlosen Objekt zu etwas ganz Besonderem. Unsere handgefertigten Keramik-\u00d6lfl\u00e4schchen sind die perfekte Wahl als originelles Gastgeschenk oder exklusives Erinnerungsst\u00fcck f\u00fcr Hochzeiten, Taufen, Kommunionen, Jubil\u00e4en und andere besondere Anl\u00e4sse.<\/p>\n<p>&nbsp;<\/p>\n<p><span><\/span><\/p>\n<p>[\/et_pb_text][\/et_pb_column][et_pb_column type=&#8220;1_2&#8243; _builder_version=&#8220;4.16&#8243; _module_preset=&#8220;default&#8220; global_colors_info=&#8220;{}&#8220;][et_pb_image src=&#8220;https:\/\/olioveda.com\/wp-content\/uploads\/2025\/12\/Oval.png&#8220; title_text=&#8220;Oval&#8220; _builder_version=&#8220;4.16&#8243; _module_preset=&#8220;default&#8220; positioning=&#8220;absolute&#8220; width=&#8220;100%&#8220; global_colors_info=&#8220;{}&#8220;][\/et_pb_image][\/et_pb_column][\/et_pb_row][\/et_pb_section][et_pb_section fb_built=&#8220;1&#8243; fullwidth=&#8220;on&#8220; _builder_version=&#8220;4.16&#8243; _module_preset=&#8220;default&#8220; background_color=&#8220;#f8f5f3&#8243; locked=&#8220;off&#8220; global_colors_info=&#8220;{}&#8220;][et_pb_fullwidth_image src=&#8220;https:\/\/olioveda.com\/wp-content\/uploads\/2025\/12\/ChatGPT-Image-19-dic-2025-12_58_05-1.png&#8220; title_text=&#8220;-&#8220; _builder_version=&#8220;4.27.5&#8243; _module_preset=&#8220;default&#8220; global_colors_info=&#8220;{}&#8220;][\/et_pb_fullwidth_image][\/et_pb_section][et_pb_section fb_built=&#8220;1&#8243; admin_label=&#8220;About&#8220; _builder_version=&#8220;4.16&#8243; background_color=&#8220;#f8f5f3&#8243; background_enable_image=&#8220;off&#8220; custom_padding=&#8220;1px|||||&#8220; global_colors_info=&#8220;{}&#8220;][et_pb_row _builder_version=&#8220;4.16&#8243; custom_padding=&#8220;0px|||||&#8220; locked=&#8220;off&#8220; global_colors_info=&#8220;{}&#8220;][et_pb_column type=&#8220;4_4&#8243; _builder_version=&#8220;4.16&#8243; global_colors_info=&#8220;{}&#8220;][et_pb_text _builder_version=&#8220;4.27.5&#8243; text_font=&#8220;Handlee||||||||&#8220; text_font_size=&#8220;16px&#8220; text_line_height=&#8220;2em&#8220; max_width=&#8220;800px&#8220; text_font_size_tablet=&#8220;14px&#8220; text_font_size_phone=&#8220;17px&#8220; text_font_size_last_edited=&#8220;on|desktop&#8220; text_line_height_phone=&#8220;1.6em&#8220; text_line_height_last_edited=&#8220;off|desktop&#8220; locked=&#8220;off&#8220; global_colors_info=&#8220;{}&#8220;]<\/p>\n<h1><\/h1>\n<p data-start=\"166\" data-end=\"438\">Jede \u00d6lflasche ist handgefertigt und kann hinsichtlich Farben, Verzierungen und Details individuell gestaltet werden, um den Stil Ihrer Veranstaltung widerzuspiegeln und eine Geschichte von Sorgfalt und Authentizit\u00e4t zu erz\u00e4hlen. Die Keramik sch\u00fctzt das \u00d6l vor Licht und bewahrt so sein Aroma und seine Qualit\u00e4t. Das elegante Design macht die Flasche zu einem praktischen und zugleich dekorativen Objekt, das f\u00fcr die Ewigkeit gemacht ist. <\/p>\n<p data-start=\"440\" data-end=\"813\">[\/et_pb_text][\/et_pb_column][\/et_pb_row][\/et_pb_section][et_pb_section fb_built=&#8220;1&#8243; admin_label=&#8220;Footer&#8220; _builder_version=&#8220;4.16&#8243; background_color=&#8220;#EEE8E2&#8243; min_height=&#8220;430.4px&#8220; custom_padding=&#8220;||7px|||&#8220; locked=&#8220;off&#8220; global_colors_info=&#8220;{}&#8220;][et_pb_row column_structure=&#8220;1_2,1_4,1_4&#8243; _builder_version=&#8220;4.16&#8243; min_height=&#8220;330.4px&#8220; global_colors_info=&#8220;{}&#8220;][et_pb_column type=&#8220;1_2&#8243; _builder_version=&#8220;4.16&#8243; global_colors_info=&#8220;{}&#8220;][et_pb_signup mailchimp_list=&#8220;SlavaET|42d4a98af1&#8243; layout=&#8220;top_bottom&#8220; first_name_field=&#8220;off&#8220; last_name_field=&#8220;off&#8220; _builder_version=&#8220;4.16&#8243; form_field_background_color=&#8220;rgba(0,0,0,0)&#8220; form_field_text_color=&#8220;#000000&#8243; form_field_font=&#8220;Montserrat|700||on|||||&#8220; form_field_font_size=&#8220;12px&#8220; form_field_letter_spacing=&#8220;3px&#8220; form_field_line_height=&#8220;2em&#8220; use_background_color=&#8220;off&#8220; custom_button=&#8220;on&#8220; button_text_size=&#8220;12px&#8220; button_text_color=&#8220;#ffffff&#8220; button_bg_color=&#8220;#2b343b&#8220; button_border_width=&#8220;0px&#8220; button_border_radius=&#8220;0px&#8220; button_letter_spacing=&#8220;3px&#8220; button_font=&#8220;Montserrat|700||on|||||&#8220; button_custom_padding=&#8220;20px||20px||true|false&#8220; custom_margin=&#8220;-25px||||false|false&#8220; border_radii_fields=&#8220;on|0px|0px|0px|0px&#8220; border_width_bottom_fields=&#8220;2px&#8220; border_color_bottom_fields=&#8220;rgba(51,51,51,0.3)&#8220; global_colors_info=&#8220;{}&#8220;][\/et_pb_signup][\/et_pb_column][et_pb_column type=&#8220;1_4&#8243; _builder_version=&#8220;4.16&#8243; global_colors_info=&#8220;{}&#8220;][et_pb_text _builder_version=&#8220;4.16&#8243; text_font=&#8220;Montserrat||||||||&#8220; text_font_size=&#8220;16px&#8220; text_line_height=&#8220;2em&#8220; link_font=&#8220;Montserrat||||||||&#8220; link_text_color=&#8220;#666666&#8243; link_font_size=&#8220;16px&#8220; link_line_height=&#8220;2em&#8220; header_6_font=&#8220;Montserrat|700||on|||||&#8220; header_6_text_color=&#8220;#2b343b&#8220; header_6_letter_spacing=&#8220;3px&#8220; header_6_line_height=&#8220;2em&#8220; text_font_size_tablet=&#8220;14px&#8220; text_font_size_phone=&#8220;&#8220; text_font_size_last_edited=&#8220;on|phone&#8220; link_font_size_tablet=&#8220;14px&#8220; link_font_size_phone=&#8220;14px&#8220; link_font_size_last_edited=&#8220;on|phone&#8220; locked=&#8220;off&#8220; global_colors_info=&#8220;{}&#8220;]<\/p>\n<h6>Kontakt<\/h6>\n<p><a href=\"#\">info@olioveda.com<\/a><br \/>3274091170<\/p>\n<p>&nbsp;<\/p>\n<h3>Adresse<\/h3>\n<p><a href=\"#\">SP16, Km 7\/00, 71017 Torremaggiore (FG) Puglia, Italia<\/a><\/p>\n<p>[\/et_pb_text][\/et_pb_column][et_pb_column type=&#8220;1_4&#8243; _builder_version=&#8220;4.16&#8243; global_colors_info=&#8220;{}&#8220;][\/et_pb_column][\/et_pb_row][\/et_pb_section]<\/p>\n","protected":false},"excerpt":{"rendered":"<p>extra natives Oliven\u00f6l GeschenkboxenEine elegante Flasche mit goldenen Verzierungen wird in einer edlen Geschenkbox geliefert, die dieses native Oliven\u00f6l extra in ein besonderes Geschenk verwandeln soll. Eine stilvolle Geste, ideal zum Feiern wichtiger Momente, exklusiver Ereignisse oder einfach, um diejenigen zu \u00fcberraschen, die Authentizit\u00e4t lieben. Am Gaumen bietet er eine harmonische Balance, die jedes Gericht [&hellip;]<\/p>\n","protected":false},"author":1,"featured_media":0,"parent":0,"menu_order":0,"comment_status":"closed","ping_status":"closed","template":"","meta":{"_et_pb_use_builder":"on","_et_pb_old_content":"","_et_gb_content_width":"","footnotes":""},"class_list":["post-736","page","type-page","status-publish","hentry"],"_links":{"self":[{"href":"https:\/\/olioveda.com\/de\/wp-json\/wp\/v2\/pages\/736","targetHints":{"allow":["GET"]}}],"collection":[{"href":"https:\/\/olioveda.com\/de\/wp-json\/wp\/v2\/pages"}],"about":[{"href":"https:\/\/olioveda.com\/de\/wp-json\/wp\/v2\/types\/page"}],"author":[{"embeddable":true,"href":"https:\/\/olioveda.com\/de\/wp-json\/wp\/v2\/users\/1"}],"replies":[{"embeddable":true,"href":"https:\/\/olioveda.com\/de\/wp-json\/wp\/v2\/comments?post=736"}],"version-history":[{"count":5,"href":"https:\/\/olioveda.com\/de\/wp-json\/wp\/v2\/pages\/736\/revisions"}],"predecessor-version":[{"id":1242,"href":"https:\/\/olioveda.com\/de\/wp-json\/wp\/v2\/pages\/736\/revisions\/1242"}],"wp:attachment":[{"href":"https:\/\/olioveda.com\/de\/wp-json\/wp\/v2\/media?parent=736"}],"curies":[{"name":"wp","href":"https:\/\/api.w.org\/{rel}","templated":true}]}}